{"id":2966,"date":"2018-06-01T09:37:47","date_gmt":"2018-06-01T07:37:47","guid":{"rendered":"https:\/\/delatorrearquitectura.com\/?page_id=2966"},"modified":"2021-01-19T15:26:58","modified_gmt":"2021-01-19T13:26:58","slug":"mes-informacio-de-les-cookies","status":"publish","type":"page","link":"https:\/\/delatorrearquitectura.com\/ca\/mes-informacio-de-les-cookies\/","title":{"rendered":"M\u00e9s informaci\u00f3 de les cookies"},"content":{"rendered":"<h3>Qu\u00e8 \u00e9s una cookie?<\/h3>\n<p>Una\u00a0<em>cookie<\/em>\u00a0\u00e9s un fitxer de text <strong>inofensiu<\/strong> que s&#8217;emmagatzema en el seu navegador quan visita gaireb\u00e9 qualsevol p\u00e0gina web. La utilitat de la\u00a0<em>cookie<\/em>\u00a0\u00e9s que la web sigui capa\u00e7 de recordar la seva visita quan torni a navegar per aquesta p\u00e0gina. Encara que molta gent no ho sap les\u00a0cookies\u00a0es porten utilitzant des de fa 20 anys, quan van apar\u00e8ixer els primers navegadors per la\u00a0World\u00a0Wide\u00a0Web.<\/p>\n<h3>Qu\u00e8 NO \u00c9S una cookie?<\/h3>\n<p>No \u00e9s un virus, ni un\u00a0troyano, ni un cuc, ni\u00a0spam, ni\u00a0spyware, ni obre finestres pop-up.<\/p>\n<h3>Quina informaci\u00f3 emmagatzema una <em>cookie<\/em>?<\/h3>\n<p>Les\u00a0<em>cookies<\/em>\u00a0no solen emmagatzemar informaci\u00f3 sensible sobre vost\u00e8, com a targetes de cr\u00e8dit o dades banc\u00e0ries, fotografies, el seu DNI o informaci\u00f3 personal, etc. Les dades que guarden s\u00f3n de car\u00e0cter t\u00e8cnic, prefer\u00e8ncies personals, personalitzaci\u00f3 de continguts, etc.<\/p>\n<p>El servidor web no li associa a vost\u00e8 com a persona si no al seu navegador web. De fet, si vost\u00e8 navega habitualment amb Internet Explorer i prova a navegar per la mateixa web amb Firefox o\u00a0Chrome\u00a0veur\u00e0 que la web no s&#8217;adona que \u00e9s vost\u00e8 la mateixa persona perqu\u00e8 en realitat est\u00e0 associant al navegador, no a la persona.<\/p>\n<h3>Quin tipus de <em>cookies<\/em> existeixen?<\/h3>\n<ul>\n<li><em>Cookies<\/em>\u00a0t\u00e8cniques: S\u00f3n les m\u00e9s elementals i permeten, entre altres coses, saber quan est\u00e0 navegant un hum\u00e0 o una aplicaci\u00f3 automatitzada, quan navega un usuari an\u00f2nim i un registrat, tasques b\u00e0siques per al funcionament de qualsevol web din\u00e0mica.<\/li>\n<li><em>Cookies<\/em>\u00a0d&#8217;an\u00e0lisi: Recullen informaci\u00f3 sobre el tipus de navegaci\u00f3 que est\u00e0 realitzant, les seccions que m\u00e9s utilitza, productes consultats, franja hor\u00e0ria d&#8217;\u00fas, idioma, etc.<\/li>\n<li><em>Cookies<\/em>\u00a0publicit\u00e0ries: Mostren publicitat en funci\u00f3 de la seva navegaci\u00f3, el seu pa\u00eds de proced\u00e8ncia, idioma, etc.<\/li>\n<\/ul>\n<h3>Qu\u00e8 s\u00f3n les <em>cookies<\/em> pr\u00f2pias i les de tecercs?<\/h3>\n<p>Les\u00a0<em>cookies\u00a0pr\u00f2pies<\/em> s\u00f3n les generades per la p\u00e0gina que est\u00e0 visitant i les <em>de tercers<\/em> s\u00f3n les generades per serveis o prove\u00efdors externs com Facebook, Twitter, Google, etc.<\/p>\n<h3>Qu\u00e8 passa si desactivo les <em>cookies<\/em>?<\/h3>\n<p>Perqu\u00e8 entengui l&#8217;abast que pot tenir desactivar les\u00a0cookies, li mostrem uns exemples:<\/p>\n<ul>\n<li>No podr\u00e0 compartir continguts d&#8217;aquesta web en Facebook, Twitter o qualsevol altra xarxa social.<\/li>\n<li>El lloc web no podr\u00e0 adaptar els continguts a les seves prefer\u00e8ncies personals, com sol oc\u00f3rrer en les tendes online.<\/li>\n<li>No podr\u00e0 accedir a l&#8217;\u00e0rea personal d&#8217;aquesta web, com per exemple <em>El meu compte<\/em>, o <em>El meu perfil<\/em> o <em>Les meves comandes.<\/em><\/li>\n<li>Tendes online: Li ser\u00e0 impossible realitzar compres online, hauran de ser telef\u00f2niques o visitant la tenda f\u00edsica si \u00e9s que disposa d&#8217;ella.<\/li>\n<li>No ser\u00e0 possible personalitzar les seves prefer\u00e8ncies geogr\u00e0fiques com a franja hor\u00e0ria, divisa o idioma.<\/li>\n<li>El lloc web no podr\u00e0 realitzar anal\u00edtiques web sobre visitants i tr\u00e0fic a la web, la qual cosa dificultar\u00e0 que la web sigui competitiva.<\/li>\n<li>No podr\u00e0 escriure en el blog, no podr\u00e0 pujar fotos, publicar comentaris, valorar o puntuar continguts. La web tampoc podr\u00e0 saber si vost\u00e8 \u00e9s un hum\u00e0 o una aplicaci\u00f3 automatitzada que publica\u00a0<em>spam.<\/em><\/li>\n<li>No es podr\u00e0 mostrar publicitat\u00a0sectorizada, la qual cosa reduir\u00e0 els ingressos publicitaris de la web.<\/li>\n<li>Totes les xarxes socials usen\u00a0<em>cookies<\/em>, si les desactiva no podr\u00e0 utilitzar cap xarxa social.<\/li>\n<\/ul>\n<h3>Es poden eliminar les <em>cookies<\/em>?<\/h3>\n<p>S\u00ed. No nom\u00e9s eliminar, tamb\u00e9 bloquejar, de forma general o particular per a un domini espec\u00edfic.<\/p>\n<p>Per eliminar les\u00a0<em>cookies<\/em>\u00a0d&#8217;un lloc web ha d&#8217;anar a la configuraci\u00f3 del seu navegador i all\u00e0 podr\u00e0 buscar les associades al domini en q\u00fcesti\u00f3 i procedir a la seva eliminaci\u00f3.<\/p>\n<h3 id=\"navegadors\">Configuraci\u00f3 de les\u00a0<em>cookies<\/em> per els navegadors m\u00e9s polulars<\/h3>\n<p>A continuaci\u00f3 li indiquem com accedir a una\u00a0<em>cookie<\/em>\u00a0determinada del navegador\u00a0<strong>Chrome<\/strong>. Nota: aquests passos poden variar en funci\u00f3 de la versi\u00f3 del navegador:<\/p>\n<ol>\n<li>Vagi a Configuraci\u00f3 o Prefer\u00e8ncies mitjan\u00e7ant el men\u00fa Arxivo o ben punxant la icona de personalitzaci\u00f3 que apareix a dalt a la dreta.<\/li>\n<li>Veur\u00e0 diferents seccions, punxi l&#8217;opci\u00f3 <em>Mostrar opcions avan\u00e7ades<\/em>.<\/li>\n<li>Vagi a <em>Privadesa, Configuraci\u00f3 de contingut<\/em>.<\/li>\n<li>Seleccioni <em>Totes les\u00a0cookies\u00a0i les dades de llocs<\/em>.<\/li>\n<li>Apareixer\u00e0 un llistat amb totes les\u00a0<em>cookies<\/em> ordenades per domini. Perqu\u00e8 li sigui m\u00e9s f\u00e0cil trobar les\u00a0<em>cookies<\/em>\u00a0d&#8217;un determinat domini introdueixi parcial o totalment l&#8217;adre\u00e7a en el camp <em>Buscar\u00a0cookies<\/em>.<\/li>\n<li>Despr\u00e9s de realitzar aquest filtre apareixeran en pantalla una o diverses l\u00ednies amb les\u00a0cookies\u00a0de la web sol\u00b7licitada. Ara nom\u00e9s ha de seleccionar-la i pr\u00e9mer la X per procedir a la seva eliminaci\u00f3.<\/li>\n<\/ol>\n<p>Per accedir a la configuraci\u00f3 de\u00a0<em>cookies<\/em>\u00a0del navegador <strong>Intenert Explorer<\/strong> segueixi aquests passos (poden variar en funci\u00f3 de la versi\u00f3 del navegador):<\/p>\n<ol>\n<li>Vagi a <em>Eines, Opcions d&#8217;Internet<\/em><\/li>\n<li>Faci clic en <em>Privadesa<\/em>.<\/li>\n<li>Mogui el\u00a0deslizador\u00a0fins a ajustar el nivell de privadesa que desitgi.<\/li>\n<\/ol>\n<p>Per accedir a la configuraci\u00f3 de\u00a0cookies\u00a0del navegador <strong>Firefox<\/strong> segueixi aquests passos (poden variar en funci\u00f3 de la versi\u00f3 del navegador):<\/p>\n<ol>\n<li>Vagi a <em>Opcions<\/em> o <em>Prefer\u00e8ncies<\/em> segons el seu sistema operatiu.<\/li>\n<li>Faci clic en <em>Privadesa<\/em>.<\/li>\n<li>En <em>Historial<\/em> tri\u00ef <em>Usar una configuraci\u00f3 personalitzada per a l&#8217;historial<\/em>.<\/li>\n<li>Ara veur\u00e0 l&#8217;opci\u00f3 <em>Acceptar\u00a0cookies<\/em>, pot activar-la o desactivar-la segons les seves prefer\u00e8ncies.<\/li>\n<\/ol>\n<p>Per accedir a la configuraci\u00f3 de\u00a0<em>cookies<\/em>\u00a0del navegador <strong>Safari per\u00a0OSX<\/strong>\u00a0segueixi aquests passos (poden variar en funci\u00f3 de la versi\u00f3 del navegador):<\/p>\n<ol>\n<li>Vagi a <em>Prefer\u00e8ncies<\/em>, despr\u00e9s <em>Privadesa<\/em>.<\/li>\n<li>En aquest lloc veur\u00e0 l&#8217;opci\u00f3 <em>Bloquejar\u00a0cookies\u00a0<\/em>perqu\u00e8 ajusti el tipus de bloqueig que desitja realitzar.<\/li>\n<\/ol>\n<p>Per accedir a la configuraci\u00f3 de\u00a0<em>cookies<\/em>\u00a0del navegador <strong>Safari per\u00a0iOS<\/strong>\u00a0segueixi aquests passos (poden variar en funci\u00f3 de la versi\u00f3 del navegador):<\/p>\n<ol>\n<li>Vagi a <em>Ajustos<\/em>, despr\u00e9s <em>Safari<\/em>.<\/li>\n<li>Vagi a <em>Privadesa i Seguretat<\/em>, veur\u00e0 l&#8217;opci\u00f3 <em>Bloquejar\u00a0cookies<\/em>\u00a0perqu\u00e8 ajusti el tipus de bloqueig que desitja realitzar.<\/li>\n<\/ol>\n<p>Per accedir a la configuraci\u00f3 de\u00a0cookies\u00a0del navegador per a dispositius\u00a0<strong>Android\u00a0<\/strong>segueixi aquests passos (poden variar en funci\u00f3 de la versi\u00f3 del navegador):<\/p>\n<ol>\n<li>Executi el navegador i premi la tecla <em>Men\u00fa<\/em>, despr\u00e9s <em>Ajustos<\/em>.<\/li>\n<li>Vagi a <em>Seguretat i Privadesa<\/em>, veur\u00e0 l&#8217;opci\u00f3 <em>Acceptar\u00a0cookies<\/em>\u00a0perqu\u00e8 activi o desactivi la casella.<\/li>\n<\/ol>\n<p>Per accedir a la configuraci\u00f3 de\u00a0cookies\u00a0del navegador per a dispositius <strong>Windows\u00a0Phone<\/strong> segueixi aquests passos (poden variar en funci\u00f3 de la versi\u00f3 del navegador):<\/p>\n<ol>\n<li>Obri <em>Internet Explorer<\/em>, despr\u00e9s <em>M\u00e9s<\/em>, despr\u00e9s <em>Configuraci\u00f3<\/em>.<\/li>\n<li>Ara pot activar o desactivar la casella <em>Permetre\u00a0cookies<\/em>.<\/li>\n<\/ol>\n","protected":false},"excerpt":{"rendered":"<p>Qu\u00e8 \u00e9s una cookie? Una\u00a0cookie\u00a0\u00e9s un fitxer de text inofensiu que s&#8217;emmagatzema en el seu navegador quan visita gaireb\u00e9 qualsevol p\u00e0gina web. La utilitat de la\u00a0cookie\u00a0\u00e9s que la web sigui capa\u00e7 de recordar la seva visita quan torni a navegar per aquesta p\u00e0gina. Encara que molta gent no ho sap les\u00a0cookies\u00a0es porten utilitzant des de&hellip;<\/p>\n","protected":false},"author":1,"featured_media":0,"parent":0,"menu_order":0,"comment_status":"closed","ping_status":"closed","template":"","meta":{"footnotes":""},"class_list":["post-2966","page","type-page","status-publish","hentry","description-off"],"_links":{"self":[{"href":"https:\/\/delatorrearquitectura.com\/ca\/wp-json\/wp\/v2\/pages\/2966","targetHints":{"allow":["GET"]}}],"collection":[{"href":"https:\/\/delatorrearquitectura.com\/ca\/wp-json\/wp\/v2\/pages"}],"about":[{"href":"https:\/\/delatorrearquitectura.com\/ca\/wp-json\/wp\/v2\/types\/page"}],"author":[{"embeddable":true,"href":"https:\/\/delatorrearquitectura.com\/ca\/wp-json\/wp\/v2\/users\/1"}],"replies":[{"embeddable":true,"href":"https:\/\/delatorrearquitectura.com\/ca\/wp-json\/wp\/v2\/comments?post=2966"}],"version-history":[{"count":10,"href":"https:\/\/delatorrearquitectura.com\/ca\/wp-json\/wp\/v2\/pages\/2966\/revisions"}],"predecessor-version":[{"id":5003,"href":"https:\/\/delatorrearquitectura.com\/ca\/wp-json\/wp\/v2\/pages\/2966\/revisions\/5003"}],"wp:attachment":[{"href":"https:\/\/delatorrearquitectura.com\/ca\/wp-json\/wp\/v2\/media?parent=2966"}],"curies":[{"name":"wp","href":"https:\/\/api.w.org\/{rel}","templated":true}]}}