{"id":3086,"date":"2018-06-01T10:04:14","date_gmt":"2018-06-01T08:04:14","guid":{"rendered":"https:\/\/delatorrearquitectura.com\/?page_id=3086"},"modified":"2021-01-19T15:22:19","modified_gmt":"2021-01-19T13:22:19","slug":"avis-legal","status":"publish","type":"page","link":"https:\/\/delatorrearquitectura.com\/ca\/avis-legal\/","title":{"rendered":"Av\u00eds legal"},"content":{"rendered":"<h3>AV\u00cdS LEGAL<\/h3>\n<div class=\"wpb_text_column wpb_content_element \">\n<div class=\"wpb_wrapper\">\n<p>El present av\u00eds legal ( d\u2019ara endavant el \u201cAv\u00eds Legal\u201d) regula l\u2019\u00fas del situat web http:\/\/www.delatorrearquitectura.com , ( d\u2019ara endavant el \u201cLloc web\u201d ) propietat d\u2019Eduardo de la Torre Carmona, amb NIF 46331948N, i domicili en Carretera\u00a0Vella\u00a0n\u00ba87 Local 6, Sant Celoni-08470 (Barcelona).<\/p>\n<\/div>\n<\/div>\n<h3>LEGISLACI\u00d3<\/h3>\n<div class=\"wpb_text_column wpb_content_element \">\n<div class=\"wpb_wrapper\">\n<p>Amb car\u00e0cter general les relacions entre Eduardo de la Torre Carmona de \u201cde la Torre Arquitectura &amp; Enginyeria\u201d amb els usuaris dels seus serveis telem\u00e0tics, presents en aquest Lloc web, es troben sotmeses a la legislaci\u00f3 i jurisdicci\u00f3 espanyoles.<\/p>\n<\/div>\n<\/div>\n<h3>US I ACC\u00c9S D\u2019USUARIS<\/h3>\n<div class=\"wpb_text_column wpb_content_element \">\n<div class=\"wpb_wrapper\">\n<p>L\u2019usuari queda informat, i accepta, que l\u2019acc\u00e9s als continguts del present Lloc web no suposa, de cap manera, l\u2019inici d\u2019una relaci\u00f3 comercial amb Eduardo de la Torre Carmona, i en cap cas constitueix assessorament legal o professional.<\/p>\n<\/div>\n<\/div>\n<h3>PROPIETAT INTEL\u00b7LECTUAL I INDUSTRIAL<\/h3>\n<div class=\"wpb_text_column wpb_content_element \">\n<div class=\"wpb_wrapper\">\n<p>Els drets de propietat intel\u00b7lectual del disseny gr\u00e0fic i codis s\u00f3n titularitat d\u2019Eduardo de la Torre Carmona, i, per tant, queda prohibida la seva reproducci\u00f3, distribuci\u00f3, comunicaci\u00f3 p\u00fablica, transformaci\u00f3 o qualsevol altra activitat que es pugui realitzar amb els continguts del seu Lloc web ni encara citant les fonts, excepte consentiment per escrit.<\/p>\n<p>Els drets de propietat intel\u00b7lectual del contingut de les p\u00e0gines web s\u00f3n titularitat d\u2019Eduardo de la Torre Carmona i, per tant, queda prohibida la seva reproducci\u00f3, distribuci\u00f3, comunicaci\u00f3 p\u00fablica, transformaci\u00f3 o qualsevol altra activitat que es pugui realitzar amb els continguts del seu Lloc web ni encara citant les fonts, excepte consentiment per escrit d\u2019Eduardo de la Torre Carmona.<\/p>\n<\/div>\n<\/div>\n<h3>CONTINGUT DE LA WEB I ENLLA\u00c7OS LINK<\/h3>\n<div class=\"wpb_text_column wpb_content_element \">\n<div class=\"wpb_wrapper\">\n<p>Eduardo de la Torre Carmona es reserva el dret a actualitzar, modificar o eliminar la informaci\u00f3 continguda en el seu Lloc web podent fins i tot limitar o no permetre l\u2019acc\u00e9s a aquesta informaci\u00f3 a certs usuaris.<\/p>\n<p>Eduardo de la Torre Carmona no assumeix responsabilitat alguna per la informaci\u00f3 continguda en p\u00e0gines Web de tercers a les quals es pugui accedir per \u201clinks\u201d o enlla\u00e7os des de qualsevol Lloc web propietat d\u2019Eduardo de la Torre Carmona. La pres\u00e8ncia de \u201clinks\u201d o enlla\u00e7os a les p\u00e0gines d\u2019Eduardo de la Torre Carmona t\u00e9 finalitat merament informativa i en cap cas suposa suggeriment, invitaci\u00f3 o recomanaci\u00f3 sobre els mateixos.<\/p>\n<\/div>\n<\/div>\n<h3>POL\u00cdTICA DE PRIVACITAT<\/h3>\n<div class=\"wpb_text_column wpb_content_element \">\n<div class=\"wpb_wrapper\">\n<p>A efecte dels previst en el Reglament UE 2016\/679 del Parlament Europeu i del Consell de 27 d\u2019abril de 2016, relatiu a la protecci\u00f3 de les persones f\u00edsiques pel que fa al tractament de les dades personals i a la lliure circulaci\u00f3 d\u2019aquests, Eduardo de la Torre Carmona, amb NIF 46331948N informa a l\u2019Usuari de l\u2019exist\u00e8ncia de fitxers automatitzats de dades de car\u00e0cter personal la finalitat del qual\/\u00e9s principal\/\u00e9s \u00e9s la gesti\u00f3, administraci\u00f3 i manteniment dels Serveis prestats i\/o contractats, i per a activitats comercials i de m\u00e0rqueting, inscrits en el Registre General de Protecci\u00f3 de Dades.<\/p>\n<\/div>\n<\/div>\n<h3>ENVIAMENT I REGISTRE DE DADES DE CAR\u00c0CTER PERSONAL<\/h3>\n<div class=\"wpb_text_column wpb_content_element \">\n<div class=\"wpb_wrapper\">\n<p>El enviament de dades de car\u00e0cter personal \u00e9s obligatori per contactar i rebre informaci\u00f3 sobre els serveis prestats per Eduardo de la Torre Carmona.<\/p>\n<p>Aix\u00ed mateix, el no facilitar dades personals sol\u00b7licitades o el no acceptar la present pol\u00edtica de protecci\u00f3 de dades suposa la impossibilitat de subscriure\u2019s, registrar o rebre informaci\u00f3 d\u2019aquests serveis.<\/p>\n<p>D\u2019acord a l\u2019establert en el Reglament UE 2016\/679 del Parlament Europeu i del Consell de 27 d\u2019abril de 2016, relatiu a la protecci\u00f3 de les persones f\u00edsiques pel que fa al tractament de les dades personals i a la lliure circulaci\u00f3 d\u2019aquests, li informem que les dades personals que s\u2019obtinguin com a conseq\u00fc\u00e8ncia del seu enviament de dades personals, seran incorporats als fitxers indicats anteriorment titularitat d\u2019Eduardo de la Torre Carmona, amb domicili en Carretera\u00a0Vella\u00a0n\u00ba87 Local 6, Sant Celoni-08470 (Barcelona), tenint implementades totes les mesures de Seguretat del Reial decret 1720\/2007, de 21 de Desembre, pel qual s\u2019aprova el Reglament de Desenvolupament de la Llei Org\u00e0nica 15\/1999 de 13 de Desembre de Protecci\u00f3 de Dades de Car\u00e0cter Personal.<\/p>\n<\/div>\n<\/div>\n<h3>EXACTITUD I VERACITAT DE LES DADES FACILITADES<\/h3>\n<div class=\"wpb_text_column wpb_content_element \">\n<div class=\"wpb_wrapper\">\n<p>L\u2019usuari que envia la informaci\u00f3 a Eduardo de la Torre Carmona, \u00e9s l\u2019\u00fanic responsable de la veracitat i correcci\u00f3 de les dades incloses, exonerant-se Eduardo de la Torre Carmona, de qualsevol responsabilitat sobre aquest tema.<\/p>\n<p>Els usuaris garanteixen i responen, en qualsevol cas, de l\u2019exactitud, vig\u00e8ncia i autenticitat de les dades personals facilitades, i es comprometen a mantenir-los degudament actualitzats. L\u2019usuari accepta proporcionar informaci\u00f3 completa i correcta en el formulari de registre o subscripci\u00f3.<\/p>\n<p>Eduardo de la Torre Carmona, no respon de la veracitat de les informacions que no siguin d\u2019elaboraci\u00f3 pr\u00f2pia i de les quals s\u2019indiqui una altra font, per la qual cosa tampoc assumeix responsabilitat alguna quant a hipot\u00e8tics perjudicis que poguessin originar-se per l\u2019\u00fas d\u2019aquesta informaci\u00f3.<\/p>\n<p>S\u2019exonera a Eduardo de la Torre Carmona, de responsabilitat davant qualsevol dany o perjudici que pogu\u00e9s sofrir l\u2019Usuari com a conseq\u00fc\u00e8ncia d\u2019errors, defectes o omissions, en la informaci\u00f3 facilitada a Eduardo de la Torre Carmona, sempre que procedeixi de fonts alienes a Eduardo de la Torre Carmona.<\/p>\n<\/div>\n<\/div>\n<h3>CESSI\u00d3 DE DADES A TERCERS<\/h3>\n<div class=\"wpb_text_column wpb_content_element \">\n<div class=\"wpb_wrapper\">\n<p>Eduardo de la Torre Carmona, no cedir\u00e0 les dades personals a tercers. No obstant aix\u00f2, en el cas de ser cedits a algun tercer es produir\u00e0 una informaci\u00f3 pr\u00e8via, sol\u00b7licitant el consentiment expr\u00e9s de l\u2019afectat.<\/p>\n<\/div>\n<\/div>\n<h3>EXERCICI DE DRETS D\u2019ACC\u00c9S, RECTIFICACI\u00d3, CANCEL\u00b7LACI\u00d3 I OPOSICI\u00d3<\/h3>\n<div class=\"wpb_text_column wpb_content_element \">\n<div class=\"wpb_wrapper\">\n<p>Podr\u00e0 dirigir les seves comunicacions i exercitar els drets d\u2019acc\u00e9s, rectificaci\u00f3, cancel\u00b7laci\u00f3 i oposici\u00f3 a trav\u00e9s de correu postal Carretera\u00a0Vellan\u00ba87 Local 6, Sant Celoni-08470 (Barcelona), o a trav\u00e9s de correu electr\u00f2nic a info@delatorrearquitectura.com, juntament amb prova v\u00e0lida en dret, com a fotoc\u00f2pia del DNI i indicant en l\u2019assumpte \u201c PROTECCI\u00d3 DE DADES\u201d.<\/p>\n<\/div>\n<\/div>\n<h3>ACCEPTACI\u00d3 I CONSENTIMENT<\/h3>\n<div class=\"wpb_text_column wpb_content_element \">\n<div class=\"wpb_wrapper\">\n<p>L\u2019Usuari declara haver estat informat de les condicions sobre protecci\u00f3 de dades de car\u00e0cter personal, acceptant i consentint el tractament dels mateixos per part, Eduardo de la Torre Carmona, en la forma i per a les finalitats indicades en la present Pol\u00edtica de Protecci\u00f3 de Dades Personals.<\/p>\n<\/div>\n<\/div>\n<h3>CANVIS EN LA PRESENT POL\u00cdTICA DE PRIVADESA<\/h3>\n<div class=\"wpb_text_column wpb_content_element \">\n<div class=\"wpb_wrapper\">\n<p>Eduardo de la Torre Carmona, es reserva el dret a modificar la present pol\u00edtica per adaptar-la a novetats legislatives o jurisprudencials aix\u00ed com a pr\u00e0ctiques de la ind\u00fastria. En dita suposada Eduardo de la Torre Carmona, anunciar\u00e0 en aquesta p\u00e0gina els canvis introdu\u00efts amb raonable antelaci\u00f3 a la seva posada en pr\u00e0ctica.<\/p>\n<\/div>\n<\/div>\n","protected":false},"excerpt":{"rendered":"<p>AV\u00cdS LEGAL El present av\u00eds legal ( d\u2019ara endavant el \u201cAv\u00eds Legal\u201d) regula l\u2019\u00fas del situat web http:\/\/www.delatorrearquitectura.com , ( d\u2019ara endavant el \u201cLloc web\u201d ) propietat d\u2019Eduardo de la Torre Carmona, amb NIF 46331948N, i domicili en Carretera\u00a0Vella\u00a0n\u00ba87 Local 6, Sant Celoni-08470 (Barcelona). LEGISLACI\u00d3 Amb car\u00e0cter general les relacions entre Eduardo de la Torre&hellip;<\/p>\n","protected":false},"author":1,"featured_media":0,"parent":0,"menu_order":0,"comment_status":"closed","ping_status":"closed","template":"","meta":{"footnotes":""},"class_list":["post-3086","page","type-page","status-publish","hentry","description-off"],"_links":{"self":[{"href":"https:\/\/delatorrearquitectura.com\/ca\/wp-json\/wp\/v2\/pages\/3086","targetHints":{"allow":["GET"]}}],"collection":[{"href":"https:\/\/delatorrearquitectura.com\/ca\/wp-json\/wp\/v2\/pages"}],"about":[{"href":"https:\/\/delatorrearquitectura.com\/ca\/wp-json\/wp\/v2\/types\/page"}],"author":[{"embeddable":true,"href":"https:\/\/delatorrearquitectura.com\/ca\/wp-json\/wp\/v2\/users\/1"}],"replies":[{"embeddable":true,"href":"https:\/\/delatorrearquitectura.com\/ca\/wp-json\/wp\/v2\/comments?post=3086"}],"version-history":[{"count":6,"href":"https:\/\/delatorrearquitectura.com\/ca\/wp-json\/wp\/v2\/pages\/3086\/revisions"}],"predecessor-version":[{"id":4996,"href":"https:\/\/delatorrearquitectura.com\/ca\/wp-json\/wp\/v2\/pages\/3086\/revisions\/4996"}],"wp:attachment":[{"href":"https:\/\/delatorrearquitectura.com\/ca\/wp-json\/wp\/v2\/media?parent=3086"}],"curies":[{"name":"wp","href":"https:\/\/api.w.org\/{rel}","templated":true}]}}